{"id":545,"date":"2020-08-26T03:14:50","date_gmt":"2020-08-26T03:14:50","guid":{"rendered":"http:\/\/mislanitas.com.ar\/index.php\/about\/"},"modified":"2022-08-30T19:45:48","modified_gmt":"2022-08-30T19:45:48","slug":"about","status":"publish","type":"page","link":"https:\/\/mislanitas.com.ar\/index.php\/about\/","title":{"rendered":"Nosotros"},"content":{"rendered":"\n<div class=\"wp-block-cover alignfull is-light\" style=\"min-height:648px;aspect-ratio:unset;\"><span aria-hidden=\"true\" class=\"wp-block-cover__background has-ast-global-color-2-background-color has-background-dim-40 has-background-dim\"><\/span><img data-recalc-dims=\"1\" loading=\"lazy\" decoding=\"async\" width=\"1600\" height=\"1059\" class=\"wp-block-cover__image-background wp-image-816\" alt=\"\" src=\"https:\/\/i0.wp.com\/mislanitas.com.ar\/wp-content\/uploads\/2022\/05\/pexels-lukas-317333-scaled.jpg?resize=1600%2C1059&#038;ssl=1\" style=\"object-position:48% 50%\" data-object-fit=\"cover\" data-object-position=\"48% 50%\" srcset=\"https:\/\/i0.wp.com\/mislanitas.com.ar\/wp-content\/uploads\/2022\/05\/pexels-lukas-317333-scaled.jpg?w=1600&amp;ssl=1 1600w, https:\/\/i0.wp.com\/mislanitas.com.ar\/wp-content\/uploads\/2022\/05\/pexels-lukas-317333-scaled.jpg?resize=300%2C199&amp;ssl=1 300w, https:\/\/i0.wp.com\/mislanitas.com.ar\/wp-content\/uploads\/2022\/05\/pexels-lukas-317333-scaled.jpg?resize=1024%2C678&amp;ssl=1 1024w, https:\/\/i0.wp.com\/mislanitas.com.ar\/wp-content\/uploads\/2022\/05\/pexels-lukas-317333-scaled.jpg?resize=768%2C509&amp;ssl=1 768w, https:\/\/i0.wp.com\/mislanitas.com.ar\/wp-content\/uploads\/2022\/05\/pexels-lukas-317333-scaled.jpg?resize=1536%2C1017&amp;ssl=1 1536w, https:\/\/i0.wp.com\/mislanitas.com.ar\/wp-content\/uploads\/2022\/05\/pexels-lukas-317333-scaled.jpg?resize=2048%2C1356&amp;ssl=1 2048w, https:\/\/i0.wp.com\/mislanitas.com.ar\/wp-content\/uploads\/2022\/05\/pexels-lukas-317333-scaled.jpg?resize=600%2C397&amp;ssl=1 600w\" sizes=\"auto, (max-width: 1000px) 100vw, 1000px\" \/><div class=\"wp-block-cover__inner-container is-layout-flow wp-block-cover-is-layout-flow\">\n<h1 class=\"has-text-align-center has-white-color has-text-color has-x-large-font-size wp-block-heading\" style=\"margin-top:60px\">Nosotros<\/h1>\n<\/div><\/div>\n\n\n\n<div class=\"inherit-container-width wp-block-group alignfull has-ast-global-color-5-background-color has-background is-layout-constrained wp-block-group-is-layout-constrained\"><div class=\"wp-block-group__inner-container\">\n<div class=\"wp-block-media-text has-media-on-the-right is-stacked-on-mobile alignwide\" style=\"grid-template-columns:auto 34%\"><figure class=\"wp-block-media-text__media\"><img data-recalc-dims=\"1\" loading=\"lazy\" decoding=\"async\" width=\"1024\" height=\"683\" src=\"https:\/\/i0.wp.com\/mislanitas.com.ar\/wp-content\/uploads\/2022\/07\/pexels-rodnae-productions-10474361.jpg?resize=1024%2C683&#038;ssl=1\" alt=\"\" class=\"wp-image-1730 size-full\" srcset=\"https:\/\/i0.wp.com\/mislanitas.com.ar\/wp-content\/uploads\/2022\/07\/pexels-rodnae-productions-10474361-scaled.jpg?resize=1024%2C683&amp;ssl=1 1024w, https:\/\/i0.wp.com\/mislanitas.com.ar\/wp-content\/uploads\/2022\/07\/pexels-rodnae-productions-10474361-scaled.jpg?resize=300%2C200&amp;ssl=1 300w, https:\/\/i0.wp.com\/mislanitas.com.ar\/wp-content\/uploads\/2022\/07\/pexels-rodnae-productions-10474361-scaled.jpg?resize=768%2C512&amp;ssl=1 768w, https:\/\/i0.wp.com\/mislanitas.com.ar\/wp-content\/uploads\/2022\/07\/pexels-rodnae-productions-10474361-scaled.jpg?resize=1536%2C1024&amp;ssl=1 1536w, https:\/\/i0.wp.com\/mislanitas.com.ar\/wp-content\/uploads\/2022\/07\/pexels-rodnae-productions-10474361-scaled.jpg?resize=2048%2C1365&amp;ssl=1 2048w, https:\/\/i0.wp.com\/mislanitas.com.ar\/wp-content\/uploads\/2022\/07\/pexels-rodnae-productions-10474361-scaled.jpg?resize=600%2C400&amp;ssl=1 600w, https:\/\/i0.wp.com\/mislanitas.com.ar\/wp-content\/uploads\/2022\/07\/pexels-rodnae-productions-10474361-scaled.jpg?w=1600&amp;ssl=1 1600w\" sizes=\"auto, (max-width: 1000px) 100vw, 1000px\" \/><\/figure><div class=\"wp-block-media-text__content\">\n<h5 class=\"has-ast-global-color-0-color has-text-color wp-block-heading\">ayudando a materializar tus dise\u00f1os<\/h5>\n\n\n\n<h3 class=\"wp-block-heading\">Mis Lanitas<\/h3>\n\n\n\n<p>Emprendimiento familiar creado en el 2020 como recurso para combatir la pandemia. Dedicados a la venta de lanas, hilados de todo tipo y artesan\u00edas. Siempre en la b\u00fasqueda de nuevas innovaciones y calidad en nuestros productos para brindar lo mejor.<\/p>\n\n\n\n<p>Estamos en constante crecimiento&#8230; Agradecidos por su apoyo, as\u00ed como sus comentarios nos ayudan a seguir progresando d\u00eda a d\u00eda.<br>Ubicados en argentina, buenos aires, Zona Oeste, barrio atalaya, los esperamos<br><\/p>\n\n\n\n<p>Nos esforzamos para brindarles la mejor atenci\u00f3n y tratamos de satisfacer sus necesidades.<\/p>\n\n\n\n<h5 class=\"has-ast-global-color-0-color has-text-color wp-block-heading\">Detalles de nuestros productos<\/h5>\n\n\n\n<div class=\"wp-block-columns is-layout-flex wp-container-core-columns-is-layout-28f84493 wp-block-columns-is-layout-flex\">\n<div class=\"wp-block-column is-layout-flow wp-block-column-is-layout-flow\">\n<ul class=\"wp-block-list\"><li>Lanas<\/li><li>Hilados de algod\u00f3n<\/li><li>Accesorios para tejer<\/li><\/ul>\n<\/div>\n\n\n\n<div class=\"wp-block-column is-layout-flow wp-block-column-is-layout-flow\">\n<ul class=\"wp-block-list\"><li>Ovillos<\/li><li>Vellon Siliconado<\/li><li>Y muchas cosas m\u00e1s&#8230;<\/li><\/ul>\n<\/div>\n<\/div>\n<\/div><\/div>\n<\/div><\/div>\n\n\n\n<hr class=\"wp-block-separator has-css-opacity is-style-dots\"\/>\n\n\n\n<div class=\"wp-block-columns are-vertically-aligned-center is-layout-flex wp-container-core-columns-is-layout-28f84493 wp-block-columns-is-layout-flex\">\n<div class=\"wp-block-column is-vertically-aligned-center is-layout-flow wp-block-column-is-layout-flow\" style=\"flex-basis:100%\">\n<div class=\"inherit-container-width wp-block-group is-layout-constrained wp-block-group-is-layout-constrained\"><div class=\"wp-block-group__inner-container\">\n<div style=\"text-align:center;\"><iframe loading=\"lazy\" src=\"https:\/\/www.facebook.com\/plugins\/video.php?height=476&#038;href=https%3A%2F%2Fwww.facebook.com%2FMisLanitas2020%2Fvideos%2F384030723836684%2F&#038;show_text=false&#038;width=267&#038;t=0\" width=\"267\" height=\"476\" style=\"border:none;overflow:hidden\" scrolling=\"no\" frameborder=\"0\" allowfullscreen=\"true\" allow=\"autoplay; clipboard-write; encrypted-media; picture-in-picture; web-share\" allowFullScreen=\"true\"><\/iframe><\/div>\n<\/div><\/div>\n<\/div>\n<\/div>\n\n\n\n<div style=\"height:31px\" aria-hidden=\"true\" class=\"wp-block-spacer\"><\/div>\n\n\n\n<a data-type=\"countup\" data-id=\"252508\" class=\"tickcounter\" style=\"display: block; width: 100%; position: relative; padding-bottom: 25%\" title=\"Countup\" href=\"\/\/www.tickcounter.com\/countup\">Countup<\/a><script>(function(d, s, id) { var js, pjs = d.getElementsByTagName(s)[0]; if (d.getElementById(id)) return; js = d.createElement(s); js.id = id; js.src = \"\/\/www.tickcounter.com\/static\/js\/loader.js\"; pjs.parentNode.insertBefore(js, pjs); }(document, \"script\", \"tickcounter-sdk\"));<\/script>\n\n\n\n<div style=\"height:100px\" aria-hidden=\"true\" class=\"wp-block-spacer\"><\/div>\n\n\n\n<div class=\"inherit-container-width wp-block-group alignfull has-ast-global-color-5-background-color has-background is-layout-constrained wp-block-group-is-layout-constrained\"><div class=\"wp-block-group__inner-container\">\n<div class=\"wp-block-columns is-layout-flex wp-container-core-columns-is-layout-28f84493 wp-block-columns-is-layout-flex\">\n<div class=\"wp-block-column is-layout-flow wp-block-column-is-layout-flow\">\n<figure class=\"wp-block-image aligncenter size-large is-resized\"><img data-recalc-dims=\"1\" loading=\"lazy\" decoding=\"async\" src=\"https:\/\/i0.wp.com\/mislanitas.com.ar\/wp-content\/uploads\/2022\/05\/pexels-anastasia-zhenina-63450.jpg?resize=768%2C576&#038;ssl=1\" alt=\"\" class=\"wp-image-818\" width=\"768\" height=\"576\" srcset=\"https:\/\/i0.wp.com\/mislanitas.com.ar\/wp-content\/uploads\/2022\/05\/pexels-anastasia-zhenina-63450-scaled.jpg?resize=1024%2C768&amp;ssl=1 1024w, https:\/\/i0.wp.com\/mislanitas.com.ar\/wp-content\/uploads\/2022\/05\/pexels-anastasia-zhenina-63450-scaled.jpg?resize=300%2C225&amp;ssl=1 300w, https:\/\/i0.wp.com\/mislanitas.com.ar\/wp-content\/uploads\/2022\/05\/pexels-anastasia-zhenina-63450-scaled.jpg?resize=768%2C576&amp;ssl=1 768w, https:\/\/i0.wp.com\/mislanitas.com.ar\/wp-content\/uploads\/2022\/05\/pexels-anastasia-zhenina-63450-scaled.jpg?resize=1536%2C1152&amp;ssl=1 1536w, https:\/\/i0.wp.com\/mislanitas.com.ar\/wp-content\/uploads\/2022\/05\/pexels-anastasia-zhenina-63450-scaled.jpg?resize=2048%2C1536&amp;ssl=1 2048w, https:\/\/i0.wp.com\/mislanitas.com.ar\/wp-content\/uploads\/2022\/05\/pexels-anastasia-zhenina-63450-scaled.jpg?resize=600%2C450&amp;ssl=1 600w, https:\/\/i0.wp.com\/mislanitas.com.ar\/wp-content\/uploads\/2022\/05\/pexels-anastasia-zhenina-63450-scaled.jpg?w=1600&amp;ssl=1 1600w\" sizes=\"auto, (max-width: 768px) 100vw, 768px\" \/><figcaption>MisLanitas<\/figcaption><\/figure>\n<\/div>\n<\/div>\n<\/div><\/div>\n\n\n\n<div class=\"inherit-container-width wp-block-group alignfull has-ast-global-color-4-background-color has-background is-layout-constrained wp-block-group-is-layout-constrained\"><div class=\"wp-block-group__inner-container\">\n<div style=\"\n    display: flex;\n    flex-direction: row;\n    justify-content: center;\n    flex-wrap: wrap;\n  \">\n  <div style=\"\n      width: 250px;\n      display: flex;\n      flex-direction: column;\n      align-items: center;\n      padding: 20px;\n    \">\n    <svg width=\"150px\" height=\"150px\" viewBox=\"0 -15 150 150\" xmlns=\"http:\/\/www.w3.org\/2000\/svg\">\n      <path d=\"M146.25 82.5h-3.75V57.164c0 -2.977 -1.195 -5.836 -3.305 -7.945L115.781 25.805c-2.11 -2.11 -4.969 -3.305 -7.945 -3.305H97.5V11.25c0 -6.211 -5.039 -11.25 -11.25 -11.25H11.25C5.039 0 0 5.039 0 11.25v75c0 6.211 5.039 11.25 11.25 11.25h3.75c0 12.422 10.078 22.5 22.5 22.5s22.5 -10.078 22.5 -22.5h30c0 12.422 10.078 22.5 22.5 22.5s22.5 -10.078 22.5 -22.5h11.25c2.063 0 3.75 -1.688 3.75 -3.75v-7.5c0 -2.063 -1.688 -3.75 -3.75 -3.75zM37.5 108.75c-6.211 0 -11.25 -5.039 -11.25 -11.25s5.039 -11.25 11.25 -11.25 11.25 5.039 11.25 11.25 -5.039 11.25 -11.25 11.25zm75 0c-6.211 0 -11.25 -5.039 -11.25 -11.25s5.039 -11.25 11.25 -11.25 11.25 5.039 11.25 11.25 -5.039 11.25 -11.25 11.25zm18.75 -48.75H97.5V33.75h10.336l23.414 23.414V60z\"><\/path>\n    <\/svg>\n    <h4 style=\"text-align: center; font-family: 'Barlow Semi Condensed',sans-serif;\">Env\u00edo a todo el pa\u00eds<\/h4>\n    <p style=\"text-align: center;\">\n      A trav\u00e9s de Correo Argentino\n    <\/p>\n  <\/div>\n\n  <div style=\"\n      width: 250px;\n      display: flex;\n      flex-direction: column;\n      padding: 20px;\n      align-items: center;\n    \">\n    <svg width=\"150px\" height=\"150px\" viewBox=\"0 -15 150 150\" xmlns=\"http:\/\/www.w3.org\/2000\/svg\">\n      <path d=\"M145.852 63.539l-27 -10.547c-0.961 -0.375 -2.953 -0.867 -5.203 0l-27 10.547c-2.508 0.984 -4.148 3.281 -4.148 5.836 0 26.156 16.102 44.25 31.148 50.133 2.25 0.867 4.219 0.375 5.203 0C130.875 114.82 150 98.555 150 69.375c0 -2.555 -1.641 -4.852 -4.148 -5.836zM116.25 108.375V64.055l22.383 8.742c-1.313 20.414 -14.273 31.734 -22.383 35.578zM52.5 60c16.57 0 30 -13.43 30 -30S69.07 0 52.5 0 22.5 13.43 22.5 30s13.43 30 30 30zm22.5 9.375c0 -0.586 0.188 -1.125 0.258 -1.688 -0.586 -0.023 -1.148 -0.188 -1.758 -0.188h-3.914c-5.203 2.391 -10.992 3.75 -17.086 3.75s-11.859 -1.359 -17.086 -3.75h-3.914C14.109 67.5 0 81.609 0 99V108.75c0 6.211 5.039 11.25 11.25 11.25h82.5c1.594 0 3.117 -0.352 4.5 -0.938 -12.656 -10.055 -23.25 -27.352 -23.25 -49.688z\"><\/path>\n    <\/svg>\n    <h4 style=\"text-align: center; font-family: 'Barlow Semi Condensed',sans-serif;\">Compr\u00e1 con tranquilidad<\/h4>\n    <p style=\"text-align: center;\">\n      Compr\u00e1 con confianza en nuestra web\n    <\/p>\n  <\/div>\n\n  <div style=\"\n      width: 250px;\n      display: flex;\n      flex-direction: column;\n      padding: 20px;\n      align-items: center;\n    \">\n    <svg width=\"150px\" height=\"150px\" viewBox=\"0 0 150 150\" xmlns=\"http:\/\/www.w3.org\/2000\/svg\"><g data-name=\"1. Money\" id=\"_1._Money\"><path d=\"M140.625 43.031V37.5a14.063 14.063 0 0 0 -14.063 -14.063H103.875a87.047 87.047 0 0 1 -27.422 -4.688A95.766 95.766 0 0 0 46.125 14.063H23.438A14.063 14.063 0 0 0 9.375 28.125V33.656A14.063 14.063 0 0 0 0 46.875V112.5a14.063 14.063 0 0 0 14.063 14.063H46.125a86.297 86.297 0 0 1 27.375 4.453A95.859 95.859 0 0 0 103.875 135.938H135.938a14.063 14.063 0 0 0 14.063 -14.063V56.25A14.063 14.063 0 0 0 140.625 43.031ZM23.438 23.438H46.125a87.047 87.047 0 0 1 27.422 4.688 95.766 95.766 0 0 0 30.328 4.688H126.563a4.688 4.688 0 0 1 4.688 4.688V42.188H103.875a86.297 86.297 0 0 1 -27.375 -4.453A95.859 95.859 0 0 0 46.125 32.813H18.75V28.125A4.688 4.688 0 0 1 23.438 23.438ZM140.625 121.875a4.688 4.688 0 0 1 -4.688 4.688H103.875a86.297 86.297 0 0 1 -27.375 -4.453A95.859 95.859 0 0 0 46.125 117.188H14.063a4.688 4.688 0 0 1 -4.688 -4.688V46.875A4.688 4.688 0 0 1 14.063 42.188H46.125a86.297 86.297 0 0 1 27.375 4.453A95.859 95.859 0 0 0 103.875 51.563H135.938a4.688 4.688 0 0 1 4.688 4.688Z\"\/><path d=\"M75 70.313h9.375a4.688 4.688 0 0 0 0 -9.375H79.688a4.688 4.688 0 0 0 -9.375 0v0.844A14.063 14.063 0 0 0 75 89.063a4.688 4.688 0 0 1 0 9.375H65.625a4.688 4.688 0 0 0 0 9.375h4.688a4.688 4.688 0 0 0 9.375 0v-0.844A14.063 14.063 0 0 0 75 79.688a4.688 4.688 0 0 1 0 -9.375Z\"\/><path d=\"M37.5 75H28.125a4.688 4.688 0 0 0 0 9.375H37.5a4.688 4.688 0 0 0 0 -9.375Z\"\/><path d=\"M121.875 84.375H112.5a4.688 4.688 0 0 0 0 9.375h9.375a4.688 4.688 0 0 0 0 -9.375Z\"\/><\/g><\/svg>\n    <h4 style=\"text-align: center; font-family: 'Barlow Semi Condensed',sans-serif;\">El mejor precio<\/h4>\n    <p style=\"text-align: center;\">\n      En nuestra tienda siempre encontrar\u00e1s los mejores precios del mercado\n    <\/p>\n  <\/div>\n<\/div>\n<\/div><\/div>\n\n\n\n<p><\/p>\n","protected":false},"excerpt":{"rendered":"<p>ayudando a materializar tus dise\u00f1os Mis Lanitas Emprendimiento familiar creado en el 2020 como recurso para combatir la pandemia. Dedicados a la venta de lanas, hilados de todo tipo y artesan\u00edas. Siempre en la b\u00fasqueda de nuevas innovaciones y calidad en nuestros productos para brindar lo mejor. Estamos en constante crecimiento&#8230; Agradecidos por su apoyo, [&hellip;]<\/p>\n","protected":false},"author":1,"featured_media":0,"parent":0,"menu_order":0,"comment_status":"closed","ping_status":"closed","template":"","meta":{"site-sidebar-layout":"no-sidebar","site-content-layout":"plain-container","ast-site-content-layout":"default","site-content-style":"default","site-sidebar-style":"default","ast-global-header-display":"","ast-banner-title-visibility":"","ast-main-header-display":"","ast-hfb-above-header-display":"","ast-hfb-below-header-display":"","ast-hfb-mobile-header-display":"","site-post-title":"disabled","ast-breadcrumbs-content":"disabled","ast-featured-img":"disabled","footer-sml-layout":"","ast-disable-related-posts":"","theme-transparent-header-meta":"enabled","adv-header-id-meta":"","stick-header-meta":"","header-above-stick-meta":"","header-main-stick-meta":"","header-below-stick-meta":"","astra-migrate-meta-layouts":"default","ast-page-background-enabled":"default","ast-page-background-meta":{"desktop":{"background-color":"","background-image":"","background-repeat":"repeat","background-position":"center center","background-size":"auto","background-attachment":"scroll","background-type":"","background-media":"","overlay-type":"","overlay-color":"","overlay-opacity":"","overlay-gradient":""},"tablet":{"background-color":"","background-image":"","background-repeat":"repeat","background-position":"center center","background-size":"auto","background-attachment":"scroll","background-type":"","background-media":"","overlay-type":"","overlay-color":"","overlay-opacity":"","overlay-gradient":""},"mobile":{"background-color":"","background-image":"","background-repeat":"repeat","background-position":"center center","background-size":"auto","background-attachment":"scroll","background-type":"","background-media":"","overlay-type":"","overlay-color":"","overlay-opacity":"","overlay-gradient":""}},"ast-content-background-meta":{"desktop":{"background-color":"var(--ast-global-color-5)","background-image":"","background-repeat":"repeat","background-position":"center center","background-size":"auto","background-attachment":"scroll","background-type":"","background-media":"","overlay-type":"","overlay-color":"","overlay-opacity":"","overlay-gradient":""},"tablet":{"background-color":"var(--ast-global-color-5)","background-image":"","background-repeat":"repeat","background-position":"center center","background-size":"auto","background-attachment":"scroll","background-type":"","background-media":"","overlay-type":"","overlay-color":"","overlay-opacity":"","overlay-gradient":""},"mobile":{"background-color":"var(--ast-global-color-5)","background-image":"","background-repeat":"repeat","background-position":"center center","background-size":"auto","background-attachment":"scroll","background-type":"","background-media":"","overlay-type":"","overlay-color":"","overlay-opacity":"","overlay-gradient":""}},"_joinchat":[],"footnotes":""},"class_list":["post-545","page","type-page","status-publish","hentry"],"aioseo_notices":[],"jetpack-related-posts":[],"jetpack_sharing_enabled":true,"_links":{"self":[{"href":"https:\/\/mislanitas.com.ar\/index.php\/wp-json\/wp\/v2\/pages\/545","targetHints":{"allow":["GET"]}}],"collection":[{"href":"https:\/\/mislanitas.com.ar\/index.php\/wp-json\/wp\/v2\/pages"}],"about":[{"href":"https:\/\/mislanitas.com.ar\/index.php\/wp-json\/wp\/v2\/types\/page"}],"author":[{"embeddable":true,"href":"https:\/\/mislanitas.com.ar\/index.php\/wp-json\/wp\/v2\/users\/1"}],"replies":[{"embeddable":true,"href":"https:\/\/mislanitas.com.ar\/index.php\/wp-json\/wp\/v2\/comments?post=545"}],"version-history":[{"count":39,"href":"https:\/\/mislanitas.com.ar\/index.php\/wp-json\/wp\/v2\/pages\/545\/revisions"}],"predecessor-version":[{"id":3473,"href":"https:\/\/mislanitas.com.ar\/index.php\/wp-json\/wp\/v2\/pages\/545\/revisions\/3473"}],"wp:attachment":[{"href":"https:\/\/mislanitas.com.ar\/index.php\/wp-json\/wp\/v2\/media?parent=545"}],"curies":[{"name":"wp","href":"https:\/\/api.w.org\/{rel}","templated":true}]}}