{"id":1110,"date":"2022-06-23T05:30:00","date_gmt":"2022-06-23T05:30:00","guid":{"rendered":"https:\/\/mislanitas.com.ar\/?post_type=product&#038;p=1110"},"modified":"2025-04-22T17:38:17","modified_gmt":"2025-04-22T20:38:17","slug":"porta-agujas-3d","status":"publish","type":"product","link":"https:\/\/mislanitas.com.ar\/index.php\/producto\/porta-agujas-3d\/","title":{"rendered":"Porta Agujas 3D"},"content":{"rendered":"","protected":false},"excerpt":{"rendered":"<p><strong>Descripci\u00f3n:<\/strong> Ovillo porta agujas de crochet y otros accesorios de tejido. Realizado en pl\u00e1stico a rosca.\u00a0 presentaci\u00f3n en dos tama\u00f1os, chico ideal para llevar agujas que no superen los 13 cm y dem\u00e1s accesorios, y grande excelente para llevar lo que se te ocurra!!!<\/p>\n<p>opcional color a elecci\u00f3n solo por pedido!!!<\/p>\n","protected":false},"featured_media":843,"template":"","meta":{"site-sidebar-layout":"default","site-content-layout":"default","ast-site-content-layout":"default","site-content-style":"default","site-sidebar-style":"default","ast-global-header-display":"","ast-banner-title-visibility":"","ast-main-header-display":"","ast-hfb-above-header-display":"","ast-hfb-below-header-display":"","ast-hfb-mobile-header-display":"","site-post-title":"","ast-breadcrumbs-content":"","ast-featured-img":"","footer-sml-layout":"","ast-disable-related-posts":"","theme-transparent-header-meta":"default","adv-header-id-meta":"","stick-header-meta":"","header-above-stick-meta":"","header-main-stick-meta":"","header-below-stick-meta":"","astra-migrate-meta-layouts":"set","ast-page-background-enabled":"default","ast-page-background-meta":{"desktop":{"background-color":"","background-image":"","background-repeat":"repeat","background-position":"center center","background-size":"auto","background-attachment":"scroll","background-type":"","background-media":"","overlay-type":"","overlay-color":"","overlay-opacity":"","overlay-gradient":""},"tablet":{"background-color":"","background-image":"","background-repeat":"repeat","background-position":"center center","background-size":"auto","background-attachment":"scroll","background-type":"","background-media":"","overlay-type":"","overlay-color":"","overlay-opacity":"","overlay-gradient":""},"mobile":{"background-color":"","background-image":"","background-repeat":"repeat","background-position":"center center","background-size":"auto","background-attachment":"scroll","background-type":"","background-media":"","overlay-type":"","overlay-color":"","overlay-opacity":"","overlay-gradient":""}},"ast-content-background-meta":{"desktop":{"background-color":"var(--ast-global-color-5)","background-image":"","background-repeat":"repeat","background-position":"center center","background-size":"auto","background-attachment":"scroll","background-type":"","background-media":"","overlay-type":"","overlay-color":"","overlay-opacity":"","overlay-gradient":""},"tablet":{"background-color":"var(--ast-global-color-5)","background-image":"","background-repeat":"repeat","background-position":"center center","background-size":"auto","background-attachment":"scroll","background-type":"","background-media":"","overlay-type":"","overlay-color":"","overlay-opacity":"","overlay-gradient":""},"mobile":{"background-color":"var(--ast-global-color-5)","background-image":"","background-repeat":"repeat","background-position":"center center","background-size":"auto","background-attachment":"scroll","background-type":"","background-media":"","overlay-type":"","overlay-color":"","overlay-opacity":"","overlay-gradient":""}},"_joinchat":[]},"product_brand":[],"product_cat":[31,37],"product_tag":[],"giftcard-category":[],"class_list":{"0":"post-1110","1":"product","2":"type-product","3":"status-publish","4":"has-post-thumbnail","6":"product_cat-accesorios","7":"product_cat-otros","8":"pa_color-rojo","9":"pa_color-chicle","10":"pa_color-verde-navidad","11":"pa_tamano-15x7","12":"pa_tamano-20x95","13":"desktop-align-left","14":"tablet-align-left","15":"mobile-align-left","17":"first","18":"instock","19":"shipping-taxable","20":"purchasable","21":"product-type-variable"},"aioseo_notices":[],"jetpack-related-posts":[],"jetpack_sharing_enabled":true,"_links":{"self":[{"href":"https:\/\/mislanitas.com.ar\/index.php\/wp-json\/wp\/v2\/product\/1110","targetHints":{"allow":["GET"]}}],"collection":[{"href":"https:\/\/mislanitas.com.ar\/index.php\/wp-json\/wp\/v2\/product"}],"about":[{"href":"https:\/\/mislanitas.com.ar\/index.php\/wp-json\/wp\/v2\/types\/product"}],"wp:featuredmedia":[{"embeddable":true,"href":"https:\/\/mislanitas.com.ar\/index.php\/wp-json\/wp\/v2\/media\/843"}],"wp:attachment":[{"href":"https:\/\/mislanitas.com.ar\/index.php\/wp-json\/wp\/v2\/media?parent=1110"}],"wp:term":[{"taxonomy":"product_brand","embeddable":true,"href":"https:\/\/mislanitas.com.ar\/index.php\/wp-json\/wp\/v2\/product_brand?post=1110"},{"taxonomy":"product_cat","embeddable":true,"href":"https:\/\/mislanitas.com.ar\/index.php\/wp-json\/wp\/v2\/product_cat?post=1110"},{"taxonomy":"product_tag","embeddable":true,"href":"https:\/\/mislanitas.com.ar\/index.php\/wp-json\/wp\/v2\/product_tag?post=1110"},{"taxonomy":"giftcard-category","embeddable":true,"href":"https:\/\/mislanitas.com.ar\/index.php\/wp-json\/wp\/v2\/giftcard-category?post=1110"}],"curies":[{"name":"wp","href":"https:\/\/api.w.org\/{rel}","templated":true}]}}