{"id":1444,"date":"2022-07-18T20:20:36","date_gmt":"2022-07-18T20:20:36","guid":{"rendered":"https:\/\/mislanitas.com.ar\/?post_type=product&#038;p=1444"},"modified":"2025-10-27T15:08:31","modified_gmt":"2025-10-27T18:08:31","slug":"carretel-para-macrame","status":"publish","type":"product","link":"https:\/\/mislanitas.com.ar\/index.php\/producto\/carretel-para-macrame\/","title":{"rendered":"CARRETEL PARA MACRAME"},"content":{"rendered":"<div style=\"display: flex; flex-direction: row; text-align: center; align-items: center; flex-wrap: wrap; justify-content: center;\">\n<div style=\"padding: 5px; margin: 5px 20px; display: flex; max-width: 200px; min-width: 200px; flex-wrap: wrap; flex-direction: column; align-items: center;\">\n<p><img data-recalc-dims=\"1\" decoding=\"async\" style=\"width: 70px;\" src=\"https:\/\/i0.wp.com\/mislanitas.com.ar\/wp-content\/uploads\/2022\/06\/needle.png?ssl=1\" alt=\"\" \/><\/p>\n<h3>Agujas recomendadas<\/h3>\n<p>a mano<\/p>\n<\/div>\n<div style=\"padding: 5px; margin: 5px 20px; display: flex; max-width: 200px; min-width: 200px; flex-wrap: wrap; flex-direction: column; align-items: center;\">\n<p><img data-recalc-dims=\"1\" decoding=\"async\" style=\"width: 70px;\" src=\"https:\/\/i0.wp.com\/mislanitas.com.ar\/wp-content\/uploads\/2022\/06\/ball.png?ssl=1\" alt=\"\" \/><\/p>\n<h3>Composici\u00f3n<\/h3>\n<p>100% algod\u00f3n<\/p>\n<\/div>\n<div style=\"padding: 5px; margin: 5px 20px; display: flex; max-width: 200px; min-width: 200px; flex-wrap: wrap; flex-direction: column; align-items: center;\">\n<p><img data-recalc-dims=\"1\" decoding=\"async\" style=\"width: 70px;\" src=\"https:\/\/i0.wp.com\/mislanitas.com.ar\/wp-content\/uploads\/2022\/06\/kilogram.png?ssl=1\" alt=\"\" \/><\/p>\n<h3>Presentaci\u00f3n<\/h3>\n<p>carretel 450g<\/p>\n<\/div>\n<\/div>\n","protected":false},"excerpt":{"rendered":"<p><strong>Descripci\u00f3n:<\/strong> Hilado de 100% algod\u00f3n de 27 hebras\u00a0 en color crudo\/natural y te\u00f1idos, ideal para realizar la t\u00e9cnica macram\u00e9. bobina de aproximadamente 450g &#8230; de grosor grueso de 4,5mm<\/p>\n","protected":false},"featured_media":1460,"template":"","meta":{"site-sidebar-layout":"default","site-content-layout":"default","ast-site-content-layout":"default","site-content-style":"default","site-sidebar-style":"default","ast-global-header-display":"","ast-banner-title-visibility":"","ast-main-header-display":"","ast-hfb-above-header-display":"","ast-hfb-below-header-display":"","ast-hfb-mobile-header-display":"","site-post-title":"","ast-breadcrumbs-content":"","ast-featured-img":"","footer-sml-layout":"","ast-disable-related-posts":"","theme-transparent-header-meta":"default","adv-header-id-meta":"","stick-header-meta":"","header-above-stick-meta":"","header-main-stick-meta":"","header-below-stick-meta":"","astra-migrate-meta-layouts":"default","ast-page-background-enabled":"default","ast-page-background-meta":{"desktop":{"background-color":"","background-image":"","background-repeat":"repeat","background-position":"center center","background-size":"auto","background-attachment":"scroll","background-type":"","background-media":"","overlay-type":"","overlay-color":"","overlay-opacity":"","overlay-gradient":""},"tablet":{"background-color":"","background-image":"","background-repeat":"repeat","background-position":"center center","background-size":"auto","background-attachment":"scroll","background-type":"","background-media":"","overlay-type":"","overlay-color":"","overlay-opacity":"","overlay-gradient":""},"mobile":{"background-color":"","background-image":"","background-repeat":"repeat","background-position":"center center","background-size":"auto","background-attachment":"scroll","background-type":"","background-media":"","overlay-type":"","overlay-color":"","overlay-opacity":"","overlay-gradient":""}},"ast-content-background-meta":{"desktop":{"background-color":"var(--ast-global-color-5)","background-image":"","background-repeat":"repeat","background-position":"center center","background-size":"auto","background-attachment":"scroll","background-type":"","background-media":"","overlay-type":"","overlay-color":"","overlay-opacity":"","overlay-gradient":""},"tablet":{"background-color":"var(--ast-global-color-5)","background-image":"","background-repeat":"repeat","background-position":"center center","background-size":"auto","background-attachment":"scroll","background-type":"","background-media":"","overlay-type":"","overlay-color":"","overlay-opacity":"","overlay-gradient":""},"mobile":{"background-color":"var(--ast-global-color-5)","background-image":"","background-repeat":"repeat","background-position":"center center","background-size":"auto","background-attachment":"scroll","background-type":"","background-media":"","overlay-type":"","overlay-color":"","overlay-opacity":"","overlay-gradient":""}},"_joinchat":[]},"product_brand":[],"product_cat":[37,39,38],"product_tag":[],"giftcard-category":[],"class_list":{"0":"post-1444","1":"product","2":"type-product","3":"status-publish","4":"has-post-thumbnail","6":"product_cat-otros","7":"product_cat-ovillos-invierno","8":"product_cat-ovillos-verano","9":"pa_color-amarillo","10":"pa_color-bordo","11":"pa_color-celeste","12":"pa_color-celeste-bebe","13":"pa_color-natural","14":"pa_color-negro","15":"pa_color-rojo","16":"pa_color-rosa-bebe","17":"pa_color-verde","18":"desktop-align-left","19":"tablet-align-left","20":"mobile-align-left","22":"first","23":"instock","24":"shipping-taxable","25":"purchasable","26":"product-type-variable"},"aioseo_notices":[],"jetpack-related-posts":[],"jetpack_sharing_enabled":true,"_links":{"self":[{"href":"https:\/\/mislanitas.com.ar\/index.php\/wp-json\/wp\/v2\/product\/1444","targetHints":{"allow":["GET"]}}],"collection":[{"href":"https:\/\/mislanitas.com.ar\/index.php\/wp-json\/wp\/v2\/product"}],"about":[{"href":"https:\/\/mislanitas.com.ar\/index.php\/wp-json\/wp\/v2\/types\/product"}],"wp:featuredmedia":[{"embeddable":true,"href":"https:\/\/mislanitas.com.ar\/index.php\/wp-json\/wp\/v2\/media\/1460"}],"wp:attachment":[{"href":"https:\/\/mislanitas.com.ar\/index.php\/wp-json\/wp\/v2\/media?parent=1444"}],"wp:term":[{"taxonomy":"product_brand","embeddable":true,"href":"https:\/\/mislanitas.com.ar\/index.php\/wp-json\/wp\/v2\/product_brand?post=1444"},{"taxonomy":"product_cat","embeddable":true,"href":"https:\/\/mislanitas.com.ar\/index.php\/wp-json\/wp\/v2\/product_cat?post=1444"},{"taxonomy":"product_tag","embeddable":true,"href":"https:\/\/mislanitas.com.ar\/index.php\/wp-json\/wp\/v2\/product_tag?post=1444"},{"taxonomy":"giftcard-category","embeddable":true,"href":"https:\/\/mislanitas.com.ar\/index.php\/wp-json\/wp\/v2\/giftcard-category?post=1444"}],"curies":[{"name":"wp","href":"https:\/\/api.w.org\/{rel}","templated":true}]}}