{"id":2597,"date":"2024-01-24T04:10:21","date_gmt":"2024-01-24T07:10:21","guid":{"rendered":"https:\/\/mislanitas.com.ar\/?post_type=product&#038;p=2597"},"modified":"2026-04-15T22:50:27","modified_gmt":"2026-04-16T01:50:27","slug":"luna","status":"publish","type":"product","link":"https:\/\/mislanitas.com.ar\/index.php\/producto\/luna\/","title":{"rendered":"LUNA"},"content":{"rendered":"<div style=\"display: flex; flex-direction: row; text-align: center; align-items: center; flex-wrap: wrap; justify-content: center;\">\n<div style=\"padding: 5px; margin: 5px 20px; display: flex; max-width: 200px; min-width: 200px; flex-wrap: wrap; flex-direction: column; align-items: center;\">\n<p><img data-recalc-dims=\"1\" decoding=\"async\" style=\"width: 70px;\" src=\"https:\/\/i0.wp.com\/mislanitas.com.ar\/wp-content\/uploads\/2022\/06\/needle.png?ssl=1\" alt=\"\" \/><\/p>\n<h3>Agujas recomendadas<\/h3>\n<p>2\/3<\/p>\n<\/div>\n<div style=\"padding: 5px; margin: 5px 20px; display: flex; max-width: 200px; min-width: 200px; flex-wrap: wrap; flex-direction: column; align-items: center;\">\n<p><img data-recalc-dims=\"1\" decoding=\"async\" style=\"width: 70px;\" src=\"https:\/\/i0.wp.com\/mislanitas.com.ar\/wp-content\/uploads\/2022\/06\/ball.png?ssl=1\" alt=\"\" \/><\/p>\n<h3>Composici\u00f3n<\/h3>\n<p>100% algod\u00f3n<\/p>\n<\/div>\n<div style=\"padding: 5px; margin: 5px 20px; display: flex; max-width: 200px; min-width: 200px; flex-wrap: wrap; flex-direction: column; align-items: center;\">\n<p><img data-recalc-dims=\"1\" decoding=\"async\" style=\"width: 70px;\" src=\"https:\/\/i0.wp.com\/mislanitas.com.ar\/wp-content\/uploads\/2022\/06\/kilogram.png?ssl=1\" alt=\"\" \/><\/p>\n<h3>Presentaci\u00f3n<\/h3>\n<p>Ovillo 100g<\/p>\n<\/div>\n<\/div>\n","protected":false},"excerpt":{"rendered":"<p><strong>Descripci\u00f3n: <\/strong>Hilado Ideal para la confecci\u00f3n de prendas de ropa, carpetas, amigurumi y artesan\u00edas en general. Compuesto por 3 hebras es de espesor semi grueso. Tambi\u00e9n es un hilo ideal para tejer a maquina ya que su espesor es de 1mm.<\/p>\n","protected":false},"featured_media":2640,"template":"","meta":{"site-sidebar-layout":"default","site-content-layout":"","ast-site-content-layout":"default","site-content-style":"default","site-sidebar-style":"default","ast-global-header-display":"","ast-banner-title-visibility":"","ast-main-header-display":"","ast-hfb-above-header-display":"","ast-hfb-below-header-display":"","ast-hfb-mobile-header-display":"","site-post-title":"","ast-breadcrumbs-content":"","ast-featured-img":"","footer-sml-layout":"","ast-disable-related-posts":"","theme-transparent-header-meta":"default","adv-header-id-meta":"","stick-header-meta":"","header-above-stick-meta":"","header-main-stick-meta":"","header-below-stick-meta":"","astra-migrate-meta-layouts":"set","ast-page-background-enabled":"default","ast-page-background-meta":{"desktop":{"background-color":"","background-image":"","background-repeat":"repeat","background-position":"center center","background-size":"auto","background-attachment":"scroll","background-type":"","background-media":"","overlay-type":"","overlay-color":"","overlay-opacity":"","overlay-gradient":""},"tablet":{"background-color":"","background-image":"","background-repeat":"repeat","background-position":"center center","background-size":"auto","background-attachment":"scroll","background-type":"","background-media":"","overlay-type":"","overlay-color":"","overlay-opacity":"","overlay-gradient":""},"mobile":{"background-color":"","background-image":"","background-repeat":"repeat","background-position":"center center","background-size":"auto","background-attachment":"scroll","background-type":"","background-media":"","overlay-type":"","overlay-color":"","overlay-opacity":"","overlay-gradient":""}},"ast-content-background-meta":{"desktop":{"background-color":"var(--ast-global-color-5)","background-image":"","background-repeat":"repeat","background-position":"center center","background-size":"auto","background-attachment":"scroll","background-type":"","background-media":"","overlay-type":"","overlay-color":"","overlay-opacity":"","overlay-gradient":""},"tablet":{"background-color":"var(--ast-global-color-5)","background-image":"","background-repeat":"repeat","background-position":"center center","background-size":"auto","background-attachment":"scroll","background-type":"","background-media":"","overlay-type":"","overlay-color":"","overlay-opacity":"","overlay-gradient":""},"mobile":{"background-color":"var(--ast-global-color-5)","background-image":"","background-repeat":"repeat","background-position":"center center","background-size":"auto","background-attachment":"scroll","background-type":"","background-media":"","overlay-type":"","overlay-color":"","overlay-opacity":"","overlay-gradient":""}},"_joinchat":[]},"product_brand":[],"product_cat":[33,38,30],"product_tag":[],"giftcard-category":[],"class_list":{"0":"post-2597","1":"product","2":"type-product","3":"status-publish","4":"has-post-thumbnail","6":"product_cat-ovillos","7":"product_cat-ovillos-verano","8":"product_cat-primavera-verano","9":"pa_numeracion-121","10":"pa_numeracion-139","11":"pa_numeracion-137","12":"pa_numeracion-145","13":"pa_numeracion-154","14":"pa_numeracion-122","15":"pa_numeracion-158","16":"pa_numeracion-152","17":"pa_numeracion-143","18":"pa_numeracion-179","19":"pa_numeracion-167","20":"pa_numeracion-180","21":"pa_numeracion-135","22":"pa_numeracion-149","23":"pa_numeracion-181","24":"pa_numeracion-166","25":"pa_numeracion-144","26":"pa_numeracion-111","27":"pa_numeracion-113","28":"pa_numeracion-112","29":"pa_numeracion-188","30":"pa_numeracion-138","31":"pa_numeracion-155","32":"pa_numeracion-150","33":"pa_numeracion-147","34":"pa_numeracion-185","35":"pa_numeracion-151","36":"pa_numeracion-146","37":"pa_numeracion-116","38":"pa_numeracion-153","39":"pa_numeracion-120","40":"pa_numeracion-174","41":"pa_numeracion-170","42":"pa_numeracion-159","43":"pa_numeracion-118","44":"pa_numeracion-119","45":"pa_numeracion-178","46":"pa_numeracion-182","47":"pa_numeracion-173","48":"pa_numeracion-134","49":"pa_numeracion-183","50":"pa_numeracion-184","51":"pa_numeracion-156","52":"pa_numeracion-117","53":"pa_numeracion-148","54":"pa_numeracion-136","55":"pa_numeracion-110","56":"pa_numeracion-115","57":"pa_numeracion-177","58":"pa_numeracion-169","59":"pa_numeracion-171","60":"pa_numeracion-168","61":"pa_numeracion-114","62":"pa_numeracion-172","63":"pa_numeracion-187","64":"pa_numeracion-175","65":"pa_numeracion-157","66":"pa_numeracion-176","67":"desktop-align-left","68":"tablet-align-left","69":"mobile-align-left","71":"first","72":"instock","73":"shipping-taxable","74":"purchasable","75":"product-type-variable"},"aioseo_notices":[],"jetpack-related-posts":[],"jetpack_sharing_enabled":true,"_links":{"self":[{"href":"https:\/\/mislanitas.com.ar\/index.php\/wp-json\/wp\/v2\/product\/2597","targetHints":{"allow":["GET"]}}],"collection":[{"href":"https:\/\/mislanitas.com.ar\/index.php\/wp-json\/wp\/v2\/product"}],"about":[{"href":"https:\/\/mislanitas.com.ar\/index.php\/wp-json\/wp\/v2\/types\/product"}],"wp:featuredmedia":[{"embeddable":true,"href":"https:\/\/mislanitas.com.ar\/index.php\/wp-json\/wp\/v2\/media\/2640"}],"wp:attachment":[{"href":"https:\/\/mislanitas.com.ar\/index.php\/wp-json\/wp\/v2\/media?parent=2597"}],"wp:term":[{"taxonomy":"product_brand","embeddable":true,"href":"https:\/\/mislanitas.com.ar\/index.php\/wp-json\/wp\/v2\/product_brand?post=2597"},{"taxonomy":"product_cat","embeddable":true,"href":"https:\/\/mislanitas.com.ar\/index.php\/wp-json\/wp\/v2\/product_cat?post=2597"},{"taxonomy":"product_tag","embeddable":true,"href":"https:\/\/mislanitas.com.ar\/index.php\/wp-json\/wp\/v2\/product_tag?post=2597"},{"taxonomy":"giftcard-category","embeddable":true,"href":"https:\/\/mislanitas.com.ar\/index.php\/wp-json\/wp\/v2\/giftcard-category?post=2597"}],"curies":[{"name":"wp","href":"https:\/\/api.w.org\/{rel}","templated":true}]}}