{"id":3158,"date":"2024-02-27T08:43:19","date_gmt":"2024-02-27T11:43:19","guid":{"rendered":"https:\/\/mislanitas.com.ar\/?post_type=product&#038;p=3158"},"modified":"2024-02-27T08:44:52","modified_gmt":"2024-02-27T11:44:52","slug":"aguja-silicona","status":"publish","type":"product","link":"https:\/\/mislanitas.com.ar\/index.php\/producto\/aguja-silicona\/","title":{"rendered":"AGUJA SILICONA"},"content":{"rendered":"<div style=\"display: flex; flex-direction: row; text-align: center; align-items: center; flex-wrap: wrap; justify-content: center;\">\n<div style=\"padding: 5px; margin: 5px 20px; display: flex; max-width: 200px; min-width: 200px; flex-wrap: wrap; flex-direction: column; align-items: center;\">\n<p><img data-recalc-dims=\"1\" decoding=\"async\" style=\"width: 70px;\" src=\"https:\/\/i0.wp.com\/mislanitas.com.ar\/wp-content\/uploads\/2022\/06\/needle.png?ssl=1\" alt=\"\" \/><\/p>\n<h3>Presentaci\u00f3n<\/h3>\n<p>14cm de Largo<\/p>\n<\/div>\n<div style=\"padding: 5px; margin: 5px 20px; display: flex; max-width: 200px; min-width: 200px; flex-wrap: wrap; flex-direction: column; align-items: center;\">\n<p><img data-recalc-dims=\"1\" decoding=\"async\" style=\"width: 70px;\" src=\"https:\/\/i0.wp.com\/mislanitas.com.ar\/wp-content\/uploads\/2022\/06\/ball.png?ssl=1\" alt=\"\" \/><\/p>\n<h3>Composici\u00f3n<\/h3>\n<p>aluminio y silicona<\/p>\n<\/div>\n<\/div>\n","protected":false},"excerpt":{"rendered":"<p><strong>Descripci\u00f3n: <\/strong>Aguja crochet de mango de silicona reforzada, suave y con excelente enganche en la punta. Son ideales para tejer cualquier tipo de proyecto. Su mango ergon\u00f3mico hace que sea muy c\u00f3modo. <span style=\"font-size: 16px;\">Set de 9 agujas surtidas del n 2 al 6\u00a0 y numeraciones del 2 al 8 lo que te permite elegir la que mejor se adapte al proyecto que vas a realizar. <\/span>Si buscas una experiencia de tejido m\u00e1s c\u00f3moda y vers\u00e1til, estas agujas son una excelente elecci\u00f3n. \ud83e\uddf6<\/p>\n","protected":false},"featured_media":3161,"template":"","meta":{"site-sidebar-layout":"default","site-content-layout":"","ast-site-content-layout":"default","site-content-style":"default","site-sidebar-style":"default","ast-global-header-display":"","ast-banner-title-visibility":"","ast-main-header-display":"","ast-hfb-above-header-display":"","ast-hfb-below-header-display":"","ast-hfb-mobile-header-display":"","site-post-title":"","ast-breadcrumbs-content":"","ast-featured-img":"","footer-sml-layout":"","ast-disable-related-posts":"","theme-transparent-header-meta":"default","adv-header-id-meta":"","stick-header-meta":"","header-above-stick-meta":"","header-main-stick-meta":"","header-below-stick-meta":"","astra-migrate-meta-layouts":"set","ast-page-background-enabled":"default","ast-page-background-meta":{"desktop":{"background-color":"","background-image":"","background-repeat":"repeat","background-position":"center center","background-size":"auto","background-attachment":"scroll","background-type":"","background-media":"","overlay-type":"","overlay-color":"","overlay-opacity":"","overlay-gradient":""},"tablet":{"background-color":"","background-image":"","background-repeat":"repeat","background-position":"center center","background-size":"auto","background-attachment":"scroll","background-type":"","background-media":"","overlay-type":"","overlay-color":"","overlay-opacity":"","overlay-gradient":""},"mobile":{"background-color":"","background-image":"","background-repeat":"repeat","background-position":"center center","background-size":"auto","background-attachment":"scroll","background-type":"","background-media":"","overlay-type":"","overlay-color":"","overlay-opacity":"","overlay-gradient":""}},"ast-content-background-meta":{"desktop":{"background-color":"var(--ast-global-color-5)","background-image":"","background-repeat":"repeat","background-position":"center center","background-size":"auto","background-attachment":"scroll","background-type":"","background-media":"","overlay-type":"","overlay-color":"","overlay-opacity":"","overlay-gradient":""},"tablet":{"background-color":"var(--ast-global-color-5)","background-image":"","background-repeat":"repeat","background-position":"center center","background-size":"auto","background-attachment":"scroll","background-type":"","background-media":"","overlay-type":"","overlay-color":"","overlay-opacity":"","overlay-gradient":""},"mobile":{"background-color":"var(--ast-global-color-5)","background-image":"","background-repeat":"repeat","background-position":"center center","background-size":"auto","background-attachment":"scroll","background-type":"","background-media":"","overlay-type":"","overlay-color":"","overlay-opacity":"","overlay-gradient":""}},"_joinchat":[]},"product_brand":[],"product_cat":[31,34],"product_tag":[],"giftcard-category":[],"class_list":{"0":"post-3158","1":"product","2":"type-product","3":"status-publish","4":"has-post-thumbnail","6":"product_cat-accesorios","7":"product_cat-agujas","8":"pa_agujas-n2","9":"pa_agujas-n25","10":"pa_agujas-n3","11":"pa_agujas-n35","12":"pa_agujas-n4","13":"pa_agujas-n45","14":"pa_agujas-n5","15":"pa_agujas-n55","16":"pa_agujas-n6","17":"pa_agujas-n7","18":"pa_agujas-n8","19":"pa_agujas-set-9","20":"desktop-align-left","21":"tablet-align-left","22":"mobile-align-left","24":"first","25":"instock","26":"shipping-taxable","27":"purchasable","28":"product-type-variable"},"aioseo_notices":[],"jetpack-related-posts":[],"jetpack_sharing_enabled":true,"_links":{"self":[{"href":"https:\/\/mislanitas.com.ar\/index.php\/wp-json\/wp\/v2\/product\/3158","targetHints":{"allow":["GET"]}}],"collection":[{"href":"https:\/\/mislanitas.com.ar\/index.php\/wp-json\/wp\/v2\/product"}],"about":[{"href":"https:\/\/mislanitas.com.ar\/index.php\/wp-json\/wp\/v2\/types\/product"}],"wp:featuredmedia":[{"embeddable":true,"href":"https:\/\/mislanitas.com.ar\/index.php\/wp-json\/wp\/v2\/media\/3161"}],"wp:attachment":[{"href":"https:\/\/mislanitas.com.ar\/index.php\/wp-json\/wp\/v2\/media?parent=3158"}],"wp:term":[{"taxonomy":"product_brand","embeddable":true,"href":"https:\/\/mislanitas.com.ar\/index.php\/wp-json\/wp\/v2\/product_brand?post=3158"},{"taxonomy":"product_cat","embeddable":true,"href":"https:\/\/mislanitas.com.ar\/index.php\/wp-json\/wp\/v2\/product_cat?post=3158"},{"taxonomy":"product_tag","embeddable":true,"href":"https:\/\/mislanitas.com.ar\/index.php\/wp-json\/wp\/v2\/product_tag?post=3158"},{"taxonomy":"giftcard-category","embeddable":true,"href":"https:\/\/mislanitas.com.ar\/index.php\/wp-json\/wp\/v2\/giftcard-category?post=3158"}],"curies":[{"name":"wp","href":"https:\/\/api.w.org\/{rel}","templated":true}]}}