{"id":3645,"date":"2025-02-05T00:13:56","date_gmt":"2025-02-05T03:13:56","guid":{"rendered":"https:\/\/mislanitas.com.ar\/?post_type=product&#038;p=3645"},"modified":"2025-04-22T18:25:51","modified_gmt":"2025-04-22T21:25:51","slug":"totoras-ovilladas","status":"publish","type":"product","link":"https:\/\/mislanitas.com.ar\/index.php\/producto\/totoras-ovilladas\/","title":{"rendered":"TOTORAS OVILLADAS"},"content":{"rendered":"<div style=\"display: flex; flex-direction: row; text-align: center; align-items: center; flex-wrap: wrap; justify-content: center;\">\n<div style=\"padding: 5px; margin: 5px 20px; display: flex; max-width: 200px; min-width: 200px; flex-wrap: wrap; flex-direction: column; align-items: center;\">\n<p><img data-recalc-dims=\"1\" decoding=\"async\" style=\"width: 70px;\" src=\"https:\/\/i0.wp.com\/mislanitas.com.ar\/wp-content\/uploads\/2022\/06\/needle.png?ssl=1\" alt=\"\" \/><\/p>\n<h3>Agujas recomendadas<\/h3>\n<p>12<\/p>\n<\/div>\n<div style=\"padding: 5px; margin: 5px 20px; display: flex; max-width: 200px; min-width: 200px; flex-wrap: wrap; flex-direction: column; align-items: center;\">\n<p><img data-recalc-dims=\"1\" decoding=\"async\" style=\"width: 70px;\" src=\"https:\/\/i0.wp.com\/mislanitas.com.ar\/wp-content\/uploads\/2022\/06\/ball.png?ssl=1\" alt=\"\" \/><\/p>\n<h3>Composici\u00f3n<\/h3>\n<p>algod\u00f3n<\/p>\n<\/div>\n<div style=\"padding: 5px; margin: 5px 20px; display: flex; max-width: 200px; min-width: 200px; flex-wrap: wrap; flex-direction: column; align-items: center;\">\n<p><img data-recalc-dims=\"1\" decoding=\"async\" style=\"width: 70px;\" src=\"https:\/\/i0.wp.com\/mislanitas.com.ar\/wp-content\/uploads\/2022\/06\/kilogram.png?ssl=1\" alt=\"\" \/><\/p>\n<h3>Presentaci\u00f3n<\/h3>\n<p>Ovillo 0.5 \/ 2k aprox<\/p>\n<\/div>\n<\/div>\n","protected":false},"excerpt":{"rendered":"<p><strong>Descripci\u00f3n: <\/strong>El precio corresponde por kilo, se calculo el precio seg\u00fan su peso. Los ovillos de totora son bastante vers\u00e1tiles y geniales para muchas manualidades. Est\u00e1n hechos de tiras recicladas de tela, generalmente de algod\u00f3n, que se enrollan en ovillos grandes.<\/p>\n<div tabindex=\"0\" role=\"article\" data-tabster=\"{&quot;groupper&quot;:{&quot;tabbability&quot;:2},&quot;focusable&quot;:{}}\" data-content=\"ai-message\" aria-labelledby=\"T1wECivSVSSWZKAFkWv2H-author} T1wECivSVSSWZKAFkWv2H-content-0\">\n<div id=\"T1wECivSVSSWZKAFkWv2H-content-0\">\n<p><strong>\u00bfQu\u00e9 proyecto tienes en mente?<\/strong> \ud83c\udfa8\ud83e\uddf6<\/p>\n<\/div>\n<\/div>\n<p>&nbsp;<\/p>\n","protected":false},"featured_media":3648,"template":"","meta":{"site-sidebar-layout":"default","site-content-layout":"","ast-site-content-layout":"default","site-content-style":"default","site-sidebar-style":"default","ast-global-header-display":"","ast-banner-title-visibility":"","ast-main-header-display":"","ast-hfb-above-header-display":"","ast-hfb-below-header-display":"","ast-hfb-mobile-header-display":"","site-post-title":"","ast-breadcrumbs-content":"","ast-featured-img":"","footer-sml-layout":"","ast-disable-related-posts":"","theme-transparent-header-meta":"default","adv-header-id-meta":"","stick-header-meta":"","header-above-stick-meta":"","header-main-stick-meta":"","header-below-stick-meta":"","astra-migrate-meta-layouts":"set","ast-page-background-enabled":"default","ast-page-background-meta":{"desktop":{"background-color":"","background-image":"","background-repeat":"repeat","background-position":"center center","background-size":"auto","background-attachment":"scroll","background-type":"","background-media":"","overlay-type":"","overlay-color":"","overlay-opacity":"","overlay-gradient":""},"tablet":{"background-color":"","background-image":"","background-repeat":"repeat","background-position":"center center","background-size":"auto","background-attachment":"scroll","background-type":"","background-media":"","overlay-type":"","overlay-color":"","overlay-opacity":"","overlay-gradient":""},"mobile":{"background-color":"","background-image":"","background-repeat":"repeat","background-position":"center center","background-size":"auto","background-attachment":"scroll","background-type":"","background-media":"","overlay-type":"","overlay-color":"","overlay-opacity":"","overlay-gradient":""}},"ast-content-background-meta":{"desktop":{"background-color":"var(--ast-global-color-5)","background-image":"","background-repeat":"repeat","background-position":"center center","background-size":"auto","background-attachment":"scroll","background-type":"","background-media":"","overlay-type":"","overlay-color":"","overlay-opacity":"","overlay-gradient":""},"tablet":{"background-color":"var(--ast-global-color-5)","background-image":"","background-repeat":"repeat","background-position":"center center","background-size":"auto","background-attachment":"scroll","background-type":"","background-media":"","overlay-type":"","overlay-color":"","overlay-opacity":"","overlay-gradient":""},"mobile":{"background-color":"var(--ast-global-color-5)","background-image":"","background-repeat":"repeat","background-position":"center center","background-size":"auto","background-attachment":"scroll","background-type":"","background-media":"","overlay-type":"","overlay-color":"","overlay-opacity":"","overlay-gradient":""}},"_joinchat":[]},"product_brand":[],"product_cat":[41,40,29,37,39,38,30],"product_tag":[],"giftcard-category":[],"class_list":{"0":"post-3645","1":"product","2":"type-product","3":"status-publish","4":"has-post-thumbnail","6":"product_cat-madejas-invierno","7":"product_cat-madejas-verano","8":"product_cat-otono-invierno","9":"product_cat-otros","10":"product_cat-ovillos-invierno","11":"product_cat-ovillos-verano","12":"product_cat-primavera-verano","13":"pa_color-azul","14":"pa_color-azul-francia","15":"pa_color-blanco","16":"pa_color-bordo","17":"pa_color-celeste-bebe","18":"pa_color-fucsia","19":"pa_color-gris-claro","20":"pa_color-negro","21":"pa_color-rojo","22":"pa_color-rosa-bebe","23":"pa_color-chicle","24":"desktop-align-left","25":"tablet-align-left","26":"mobile-align-left","28":"first","29":"instock","30":"shipping-taxable","31":"purchasable","32":"product-type-variable"},"aioseo_notices":[],"jetpack-related-posts":[],"jetpack_sharing_enabled":true,"_links":{"self":[{"href":"https:\/\/mislanitas.com.ar\/index.php\/wp-json\/wp\/v2\/product\/3645","targetHints":{"allow":["GET"]}}],"collection":[{"href":"https:\/\/mislanitas.com.ar\/index.php\/wp-json\/wp\/v2\/product"}],"about":[{"href":"https:\/\/mislanitas.com.ar\/index.php\/wp-json\/wp\/v2\/types\/product"}],"wp:featuredmedia":[{"embeddable":true,"href":"https:\/\/mislanitas.com.ar\/index.php\/wp-json\/wp\/v2\/media\/3648"}],"wp:attachment":[{"href":"https:\/\/mislanitas.com.ar\/index.php\/wp-json\/wp\/v2\/media?parent=3645"}],"wp:term":[{"taxonomy":"product_brand","embeddable":true,"href":"https:\/\/mislanitas.com.ar\/index.php\/wp-json\/wp\/v2\/product_brand?post=3645"},{"taxonomy":"product_cat","embeddable":true,"href":"https:\/\/mislanitas.com.ar\/index.php\/wp-json\/wp\/v2\/product_cat?post=3645"},{"taxonomy":"product_tag","embeddable":true,"href":"https:\/\/mislanitas.com.ar\/index.php\/wp-json\/wp\/v2\/product_tag?post=3645"},{"taxonomy":"giftcard-category","embeddable":true,"href":"https:\/\/mislanitas.com.ar\/index.php\/wp-json\/wp\/v2\/giftcard-category?post=3645"}],"curies":[{"name":"wp","href":"https:\/\/api.w.org\/{rel}","templated":true}]}}