{"id":3926,"date":"2025-08-14T21:59:27","date_gmt":"2025-08-15T00:59:27","guid":{"rendered":"https:\/\/mislanitas.com.ar\/?post_type=product&#038;p=3926"},"modified":"2025-08-19T16:02:19","modified_gmt":"2025-08-19T19:02:19","slug":"chenille-niky-100g","status":"publish","type":"product","link":"https:\/\/mislanitas.com.ar\/index.php\/producto\/chenille-niky-100g\/","title":{"rendered":"CHENILLE NIKY 100G"},"content":{"rendered":"<div style=\"display: flex; flex-direction: row; text-align: center; align-items: center; flex-wrap: wrap; justify-content: center;\">\n<div style=\"padding: 5px; margin: 5px 20px; display: flex; max-width: 200px; min-width: 200px; flex-wrap: wrap; flex-direction: column; align-items: center;\">\n<p><img data-recalc-dims=\"1\" decoding=\"async\" style=\"width: 70px;\" src=\"https:\/\/i0.wp.com\/mislanitas.com.ar\/wp-content\/uploads\/2022\/06\/needle.png?ssl=1\" alt=\"\" \/><\/p>\n<h3>Agujas recomendadas<\/h3>\n<p>5 \/ 7<\/p>\n<\/div>\n<div style=\"padding: 5px; margin: 5px 20px; display: flex; max-width: 200px; min-width: 200px; flex-wrap: wrap; flex-direction: column; align-items: center;\">\n<p><img data-recalc-dims=\"1\" decoding=\"async\" style=\"width: 70px;\" src=\"https:\/\/i0.wp.com\/mislanitas.com.ar\/wp-content\/uploads\/2022\/06\/ball.png?ssl=1\" alt=\"\" \/><\/p>\n<h3>Composici\u00f3n<\/h3>\n<p>poli\u00e9ster<\/p>\n<\/div>\n<div style=\"padding: 5px; margin: 5px 20px; display: flex; max-width: 200px; min-width: 200px; flex-wrap: wrap; flex-direction: column; align-items: center;\">\n<p><img data-recalc-dims=\"1\" decoding=\"async\" style=\"width: 70px;\" src=\"https:\/\/i0.wp.com\/mislanitas.com.ar\/wp-content\/uploads\/2022\/06\/kilogram.png?ssl=1\" alt=\"\" \/><\/p>\n<h3>Presentaci\u00f3n<\/h3>\n<p>Ovillo 100g<\/p>\n<\/div>\n<\/div>\n","protected":false},"excerpt":{"rendered":"<p><strong>Descripci\u00f3n:\u00a0 <\/strong>\u00a1Prep\u00e1rate para enamorarte del tejido! El <strong>Chenille Niky<\/strong> de M\u00eda Hilados es esa lana aterciopelada que te hace decir \u201c\u00a1wow!\u201d apenas la toc\u00e1s. Viene en ovillos de 100g, s\u00faper suaves, ideales para tejer desde amigurumis hasta mantitas, cuellitos, su\u00e9teres y lo que se te ocurra. \u2728 100% poli\u00e9ster microfibra \u2728 Textura suave como un peluche \u2728 Recomendada para agujas de 6mm (\u00a1aunque pod\u00e9s jugar con eso!)<\/p>\n<p>\ud83c\udfa8 Eleg\u00eds los colores que m\u00e1s te gusten<\/p>\n","protected":false},"featured_media":3942,"template":"","meta":{"site-sidebar-layout":"default","site-content-layout":"","ast-site-content-layout":"default","site-content-style":"default","site-sidebar-style":"default","ast-global-header-display":"","ast-banner-title-visibility":"","ast-main-header-display":"","ast-hfb-above-header-display":"","ast-hfb-below-header-display":"","ast-hfb-mobile-header-display":"","site-post-title":"","ast-breadcrumbs-content":"","ast-featured-img":"","footer-sml-layout":"","ast-disable-related-posts":"","theme-transparent-header-meta":"default","adv-header-id-meta":"","stick-header-meta":"","header-above-stick-meta":"","header-main-stick-meta":"","header-below-stick-meta":"","astra-migrate-meta-layouts":"set","ast-page-background-enabled":"default","ast-page-background-meta":{"desktop":{"background-color":"","background-image":"","background-repeat":"repeat","background-position":"center center","background-size":"auto","background-attachment":"scroll","background-type":"","background-media":"","overlay-type":"","overlay-color":"","overlay-opacity":"","overlay-gradient":""},"tablet":{"background-color":"","background-image":"","background-repeat":"repeat","background-position":"center center","background-size":"auto","background-attachment":"scroll","background-type":"","background-media":"","overlay-type":"","overlay-color":"","overlay-opacity":"","overlay-gradient":""},"mobile":{"background-color":"","background-image":"","background-repeat":"repeat","background-position":"center center","background-size":"auto","background-attachment":"scroll","background-type":"","background-media":"","overlay-type":"","overlay-color":"","overlay-opacity":"","overlay-gradient":""}},"ast-content-background-meta":{"desktop":{"background-color":"var(--ast-global-color-5)","background-image":"","background-repeat":"repeat","background-position":"center center","background-size":"auto","background-attachment":"scroll","background-type":"","background-media":"","overlay-type":"","overlay-color":"","overlay-opacity":"","overlay-gradient":""},"tablet":{"background-color":"var(--ast-global-color-5)","background-image":"","background-repeat":"repeat","background-position":"center center","background-size":"auto","background-attachment":"scroll","background-type":"","background-media":"","overlay-type":"","overlay-color":"","overlay-opacity":"","overlay-gradient":""},"mobile":{"background-color":"var(--ast-global-color-5)","background-image":"","background-repeat":"repeat","background-position":"center center","background-size":"auto","background-attachment":"scroll","background-type":"","background-media":"","overlay-type":"","overlay-color":"","overlay-opacity":"","overlay-gradient":""}},"_joinchat":[]},"product_brand":[],"product_cat":[283,29,33,39,133],"product_tag":[],"giftcard-category":[],"class_list":{"0":"post-3926","1":"product","2":"type-product","3":"status-publish","4":"has-post-thumbnail","6":"product_cat-ofertas-vigentes","7":"product_cat-otono-invierno","8":"product_cat-ovillos","9":"product_cat-ovillos-invierno","10":"product_cat-productos","11":"pa_color-aqua","12":"pa_color-arena","13":"pa_color-azul-francia","14":"pa_color-blanco","15":"pa_color-celeste-bebe","16":"pa_color-gris-claro","17":"pa_color-negro","18":"pa_color-rosa-bebe","19":"pa_color-rosa-viejo","20":"desktop-align-left","21":"tablet-align-left","22":"mobile-align-left","24":"first","25":"instock","26":"shipping-taxable","27":"purchasable","28":"product-type-variable"},"aioseo_notices":[],"jetpack-related-posts":[],"jetpack_sharing_enabled":true,"_links":{"self":[{"href":"https:\/\/mislanitas.com.ar\/index.php\/wp-json\/wp\/v2\/product\/3926","targetHints":{"allow":["GET"]}}],"collection":[{"href":"https:\/\/mislanitas.com.ar\/index.php\/wp-json\/wp\/v2\/product"}],"about":[{"href":"https:\/\/mislanitas.com.ar\/index.php\/wp-json\/wp\/v2\/types\/product"}],"wp:featuredmedia":[{"embeddable":true,"href":"https:\/\/mislanitas.com.ar\/index.php\/wp-json\/wp\/v2\/media\/3942"}],"wp:attachment":[{"href":"https:\/\/mislanitas.com.ar\/index.php\/wp-json\/wp\/v2\/media?parent=3926"}],"wp:term":[{"taxonomy":"product_brand","embeddable":true,"href":"https:\/\/mislanitas.com.ar\/index.php\/wp-json\/wp\/v2\/product_brand?post=3926"},{"taxonomy":"product_cat","embeddable":true,"href":"https:\/\/mislanitas.com.ar\/index.php\/wp-json\/wp\/v2\/product_cat?post=3926"},{"taxonomy":"product_tag","embeddable":true,"href":"https:\/\/mislanitas.com.ar\/index.php\/wp-json\/wp\/v2\/product_tag?post=3926"},{"taxonomy":"giftcard-category","embeddable":true,"href":"https:\/\/mislanitas.com.ar\/index.php\/wp-json\/wp\/v2\/giftcard-category?post=3926"}],"curies":[{"name":"wp","href":"https:\/\/api.w.org\/{rel}","templated":true}]}}